{"id":44,"date":"2025-04-06T01:11:57","date_gmt":"2025-04-05T23:11:57","guid":{"rendered":"https:\/\/oel2025.synology.me\/?page_id=44"},"modified":"2026-02-15T16:54:05","modified_gmt":"2026-02-15T15:54:05","slug":"qui-sommes-nous","status":"publish","type":"page","link":"https:\/\/oel2025.synology.me\/index.php\/qui-sommes-nous\/","title":{"rendered":"Qui sommes nous ?"},"content":{"rendered":"\n<p>Nous sommes une association familiale d\u2019origine alg\u00e9rienne vivant en France. Unis par nos racines et nos valeurs, nous avons cr\u00e9\u00e9 cette association dans le but de nous soutenir mutuellement dans les moments difficiles de la vie. Forts de notre histoire et de notre culture, nous savons que la solidarit\u00e9 est essentielle pour traverser les \u00e9preuves et construire un avenir meilleur, ensemble.<\/p>\n\n\n\n<p>L&rsquo;entraide, le partage et le respect sont au c\u0153ur de notre association. Nous croyons fermement qu&rsquo;en \u00e9tant solidaires, nous pouvons surmonter les difficult\u00e9s et faire une r\u00e9elle diff\u00e9rence.<\/p>\n\n\n\n<p><\/p>\n","protected":false},"excerpt":{"rendered":"<p>Nous sommes une association familiale d\u2019origine alg\u00e9rienne vivant en France. Unis par nos racines et nos valeurs, nous avons cr\u00e9\u00e9 [&hellip;]<\/p>\n","protected":false},"author":1,"featured_media":0,"parent":0,"menu_order":0,"comment_status":"closed","ping_status":"closed","template":"","meta":{"_uag_custom_page_level_css":"","site-sidebar-layout":"default","site-content-layout":"","ast-site-content-layout":"default","site-content-style":"default","site-sidebar-style":"default","ast-global-header-display":"","ast-banner-title-visibility":"","ast-main-header-display":"","ast-hfb-above-header-display":"","ast-hfb-below-header-display":"","ast-hfb-mobile-header-display":"","site-post-title":"","ast-breadcrumbs-content":"","ast-featured-img":"","footer-sml-layout":"","ast-disable-related-posts":"","theme-transparent-header-meta":"","adv-header-id-meta":"","stick-header-meta":"","header-above-stick-meta":"","header-main-stick-meta":"","header-below-stick-meta":"","astra-migrate-meta-layouts":"default","ast-page-background-enabled":"default","ast-page-background-meta":{"desktop":{"background-color":"var(--ast-global-color-5)","background-image":"","background-repeat":"repeat","background-position":"center center","background-size":"auto","background-attachment":"scroll","background-type":"","background-media":"","overlay-type":"","overlay-color":"","overlay-opacity":"","overlay-gradient":""},"tablet":{"background-color":"","background-image":"","background-repeat":"repeat","background-position":"center center","background-size":"auto","background-attachment":"scroll","background-type":"","background-media":"","overlay-type":"","overlay-color":"","overlay-opacity":"","overlay-gradient":""},"mobile":{"background-color":"","background-image":"","background-repeat":"repeat","background-position":"center center","background-size":"auto","background-attachment":"scroll","background-type":"","background-media":"","overlay-type":"","overlay-color":"","overlay-opacity":"","overlay-gradient":""}},"ast-content-background-meta":{"desktop":{"background-color":"var(--ast-global-color-4)","background-image":"","background-repeat":"repeat","background-position":"center center","background-size":"auto","background-attachment":"scroll","background-type":"","background-media":"","overlay-type":"","overlay-color":"","overlay-opacity":"","overlay-gradient":""},"tablet":{"background-color":"var(--ast-global-color-4)","background-image":"","background-repeat":"repeat","background-position":"center center","background-size":"auto","background-attachment":"scroll","background-type":"","background-media":"","overlay-type":"","overlay-color":"","overlay-opacity":"","overlay-gradient":""},"mobile":{"background-color":"var(--ast-global-color-4)","background-image":"","background-repeat":"repeat","background-position":"center center","background-size":"auto","background-attachment":"scroll","background-type":"","background-media":"","overlay-type":"","overlay-color":"","overlay-opacity":"","overlay-gradient":""}},"footnotes":""},"class_list":["post-44","page","type-page","status-publish","hentry"],"uagb_featured_image_src":{"full":false,"thumbnail":false,"medium":false,"medium_large":false,"large":false,"1536x1536":false,"2048x2048":false},"uagb_author_info":{"display_name":"FOY","author_link":"https:\/\/oel2025.synology.me\/index.php\/profil\/foy\/"},"uagb_comment_info":0,"uagb_excerpt":"Nous sommes une association familiale d\u2019origine alg\u00e9rienne vivant en France. Unis par nos racines et nos valeurs, nous avons cr\u00e9\u00e9 [&hellip;]","_links":{"self":[{"href":"https:\/\/oel2025.synology.me\/index.php\/wp-json\/wp\/v2\/pages\/44","targetHints":{"allow":["GET"]}}],"collection":[{"href":"https:\/\/oel2025.synology.me\/index.php\/wp-json\/wp\/v2\/pages"}],"about":[{"href":"https:\/\/oel2025.synology.me\/index.php\/wp-json\/wp\/v2\/types\/page"}],"author":[{"embeddable":true,"href":"https:\/\/oel2025.synology.me\/index.php\/wp-json\/wp\/v2\/users\/1"}],"replies":[{"embeddable":true,"href":"https:\/\/oel2025.synology.me\/index.php\/wp-json\/wp\/v2\/comments?post=44"}],"version-history":[{"count":6,"href":"https:\/\/oel2025.synology.me\/index.php\/wp-json\/wp\/v2\/pages\/44\/revisions"}],"predecessor-version":[{"id":252,"href":"https:\/\/oel2025.synology.me\/index.php\/wp-json\/wp\/v2\/pages\/44\/revisions\/252"}],"wp:attachment":[{"href":"https:\/\/oel2025.synology.me\/index.php\/wp-json\/wp\/v2\/media?parent=44"}],"curies":[{"name":"wp","href":"https:\/\/api.w.org\/{rel}","templated":true}]}}